{"id":952,"date":"2025-03-05T13:28:33","date_gmt":"2025-03-05T13:28:33","guid":{"rendered":"https:\/\/filzfabrik.de\/?page_id=952"},"modified":"2025-06-30T14:17:46","modified_gmt":"2025-06-30T12:17:46","slug":"nachhaltigkeit","status":"publish","type":"page","link":"https:\/\/filzfabrik.de\/en\/nachhaltigkeit\/","title":{"rendered":"Sustainability"},"content":{"rendered":"<div data-elementor-type=\"wp-page\" data-elementor-id=\"952\" class=\"elementor elementor-952\" data-elementor-post-type=\"page\">\n\t\t\t\t<div class=\"elementor-element elementor-element-4c7b630 e-flex e-con-boxed e-con e-parent\" data-id=\"4c7b630\" data-element_type=\"container\" data-settings=\"{&quot;background_background&quot;:&quot;classic&quot;,&quot;jet_parallax_layout_list&quot;:[]}\">\n\t\t\t\t\t<div class=\"e-con-inner\">\n\t\t<div class=\"elementor-element elementor-element-361842e e-con-full e-flex e-con e-child\" data-id=\"361842e\" data-element_type=\"container\" data-settings=\"{&quot;jet_parallax_layout_list&quot;:[]}\">\n\t\t\t\t<div class=\"elementor-element elementor-element-9864658 elementor-widget elementor-widget-heading\" data-id=\"9864658\" data-element_type=\"widget\" data-widget_type=\"heading.default\">\n\t\t\t\t<div class=\"elementor-widget-container\">\n\t\t\t\t\t<h2 class=\"elementor-heading-title elementor-size-default\">Cradle-to-Cradle\u00ae certified felts<\/h2>\t\t\t\t<\/div>\n\t\t\t\t<\/div>\n\t\t\t\t<div class=\"elementor-element elementor-element-b4cec4c elementor-widget elementor-widget-text-editor\" data-id=\"b4cec4c\" data-element_type=\"widget\" data-widget_type=\"text-editor.default\">\n\t\t\t\t<div class=\"elementor-widget-container\">\n\t\t\t\t\t\t\t\t\t<p>Our commitment to a sustainable circular economy is reflected in every step of our actions. Over 100 of our products bear the renowned Cradle to Cradle\u00ae seal and are part of a continuous, environmentally friendly economic cycle. With our Lanilife seal, we set an example for innovative sustainability and the highest environmental standards.<\/p><p>The cradle-to-cradle principle not only minimises negative environmental impacts, but also actively promotes a positive contribution to our environment. Find out how we are shaping the future with Lanilife and making sustainability an integral part of our products.<\/p>\t\t\t\t\t\t\t\t<\/div>\n\t\t\t\t<\/div>\n\t\t\t\t<\/div>\n\t\t<div class=\"elementor-element elementor-element-12d6d60 e-con-full e-flex e-con e-child\" data-id=\"12d6d60\" data-element_type=\"container\" data-settings=\"{&quot;background_background&quot;:&quot;classic&quot;,&quot;jet_parallax_layout_list&quot;:[]}\">\n\t\t\t\t<div class=\"elementor-element elementor-element-47d6493 elementor-widget elementor-widget-image\" data-id=\"47d6493\" data-element_type=\"widget\" data-widget_type=\"image.default\">\n\t\t\t\t<div class=\"elementor-widget-container\">\n\t\t\t\t\t\t\t\t\t\t\t\t\t\t\t<img fetchpriority=\"high\" decoding=\"async\" width=\"800\" height=\"853\" src=\"https:\/\/filzfabrik.de\/wp-content\/uploads\/2025\/03\/Grafik_Kreislauf-960x1024.png\" class=\"attachment-large size-large wp-image-954\" alt=\"Kreislauf\" srcset=\"https:\/\/filzfabrik.de\/wp-content\/uploads\/2025\/03\/Grafik_Kreislauf-960x1024.png 960w, https:\/\/filzfabrik.de\/wp-content\/uploads\/2025\/03\/Grafik_Kreislauf-281x300.png 281w, https:\/\/filzfabrik.de\/wp-content\/uploads\/2025\/03\/Grafik_Kreislauf-768x819.png 768w, https:\/\/filzfabrik.de\/wp-content\/uploads\/2025\/03\/Grafik_Kreislauf-1440x1536.png 1440w, https:\/\/filzfabrik.de\/wp-content\/uploads\/2025\/03\/Grafik_Kreislauf-1920x2048.png 1920w\" sizes=\"(max-width: 800px) 100vw, 800px\" \/>\t\t\t\t\t\t\t\t\t\t\t\t\t\t\t<\/div>\n\t\t\t\t<\/div>\n\t\t\t\t<\/div>\n\t\t\t\t\t<\/div>\n\t\t\t\t<\/div>\n\t\t\t\t<\/div>","protected":false},"excerpt":{"rendered":"<p>Cradle-to-Cradle\u00ae zertifizierte Filze Unser Engagement f\u00fcr eine nachhaltige Kreislaufwirtschaft spiegelt sich in jedem Schritt unseres Handelns wider. \u00dcber 100 unserer Produkte tragen das renommierte Cradle-to-Cradle\u00ae-Siegel und sind Teil eines durchg\u00e4ngigen, umweltfreundlichen Wirtschaftskreislaufs. Mit unserem Lanilife-Siegel setzen wir ein Zeichen f\u00fcr innovative Nachhaltigkeit und h\u00f6chste Umweltstandards. Das Cradle-to-Cradle-Prinzip minimiert nicht nur negative Umweltauswirkungen, sondern f\u00f6rdert aktiv [&hellip;]<\/p>","protected":false},"author":1,"featured_media":0,"parent":0,"menu_order":0,"comment_status":"closed","ping_status":"closed","template":"","meta":{"footnotes":""},"class_list":["post-952","page","type-page","status-publish","hentry"],"yoast_head":"<!-- This site is optimized with the Yoast SEO plugin v26.5 - https:\/\/yoast.com\/wordpress\/plugins\/seo\/ -->\n<title>Nachhaltigkeit - M&amp;K<\/title>\n<meta name=\"description\" content=\"Filzfabrik Nachhaltigkeit: Mit regionalen Materialien, ressourcenschonender Produktion und Verantwortung zu umweltfreundlichen Filzprodukten.\" \/>\n<meta name=\"robots\" content=\"index, follow, max-snippet:-1, max-image-preview:large, max-video-preview:-1\" \/>\n<link rel=\"canonical\" href=\"https:\/\/filzfabrik.de\/en\/nachhaltigkeit\/\" \/>\n<meta property=\"og:locale\" content=\"en_GB\" \/>\n<meta property=\"og:type\" content=\"article\" \/>\n<meta property=\"og:title\" content=\"Nachhaltigkeit - M&amp;K\" \/>\n<meta property=\"og:description\" content=\"Filzfabrik Nachhaltigkeit: Mit regionalen Materialien, ressourcenschonender Produktion und Verantwortung zu umweltfreundlichen Filzprodukten.\" \/>\n<meta property=\"og:url\" content=\"https:\/\/filzfabrik.de\/en\/nachhaltigkeit\/\" \/>\n<meta property=\"og:site_name\" content=\"M&amp;K\" \/>\n<meta property=\"article:modified_time\" content=\"2025-06-30T12:17:46+00:00\" \/>\n<meta property=\"og:image\" content=\"https:\/\/filzfabrik.de\/wp-content\/uploads\/2025\/03\/Grafik_Kreislauf-960x1024.png\" \/>\n<meta name=\"twitter:card\" content=\"summary_large_image\" \/>\n<meta name=\"twitter:label1\" content=\"Estimated reading time\" \/>\n\t<meta name=\"twitter:data1\" content=\"1 minute\" \/>\n<script type=\"application\/ld+json\" class=\"yoast-schema-graph\">{\"@context\":\"https:\/\/schema.org\",\"@graph\":[{\"@type\":\"WebPage\",\"@id\":\"https:\/\/filzfabrik.de\/nachhaltigkeit\/\",\"url\":\"https:\/\/filzfabrik.de\/nachhaltigkeit\/\",\"name\":\"Nachhaltigkeit - M&K\",\"isPartOf\":{\"@id\":\"https:\/\/filzfabrik.de\/#website\"},\"primaryImageOfPage\":{\"@id\":\"https:\/\/filzfabrik.de\/nachhaltigkeit\/#primaryimage\"},\"image\":{\"@id\":\"https:\/\/filzfabrik.de\/nachhaltigkeit\/#primaryimage\"},\"thumbnailUrl\":\"https:\/\/filzfabrik.de\/wp-content\/uploads\/2025\/03\/Grafik_Kreislauf-960x1024.png\",\"datePublished\":\"2025-03-05T13:28:33+00:00\",\"dateModified\":\"2025-06-30T12:17:46+00:00\",\"description\":\"Filzfabrik Nachhaltigkeit: Mit regionalen Materialien, ressourcenschonender Produktion und Verantwortung zu umweltfreundlichen Filzprodukten.\",\"breadcrumb\":{\"@id\":\"https:\/\/filzfabrik.de\/nachhaltigkeit\/#breadcrumb\"},\"inLanguage\":\"en-GB\",\"potentialAction\":[{\"@type\":\"ReadAction\",\"target\":[\"https:\/\/filzfabrik.de\/nachhaltigkeit\/\"]}]},{\"@type\":\"ImageObject\",\"inLanguage\":\"en-GB\",\"@id\":\"https:\/\/filzfabrik.de\/nachhaltigkeit\/#primaryimage\",\"url\":\"https:\/\/filzfabrik.de\/wp-content\/uploads\/2025\/03\/Grafik_Kreislauf-960x1024.png\",\"contentUrl\":\"https:\/\/filzfabrik.de\/wp-content\/uploads\/2025\/03\/Grafik_Kreislauf-960x1024.png\"},{\"@type\":\"BreadcrumbList\",\"@id\":\"https:\/\/filzfabrik.de\/nachhaltigkeit\/#breadcrumb\",\"itemListElement\":[{\"@type\":\"ListItem\",\"position\":1,\"name\":\"Startseite\",\"item\":\"https:\/\/filzfabrik.de\/\"},{\"@type\":\"ListItem\",\"position\":2,\"name\":\"Nachhaltigkeit\"}]},{\"@type\":\"WebSite\",\"@id\":\"https:\/\/filzfabrik.de\/#website\",\"url\":\"https:\/\/filzfabrik.de\/\",\"name\":\"M&K\",\"description\":\"FILZ \u2013 SO VIELF\u00c4LTIG WIE DAS LEBEN\",\"publisher\":{\"@id\":\"https:\/\/filzfabrik.de\/#organization\"},\"alternateName\":\"FILZFABRIK\",\"potentialAction\":[{\"@type\":\"SearchAction\",\"target\":{\"@type\":\"EntryPoint\",\"urlTemplate\":\"https:\/\/filzfabrik.de\/?s={search_term_string}\"},\"query-input\":{\"@type\":\"PropertyValueSpecification\",\"valueRequired\":true,\"valueName\":\"search_term_string\"}}],\"inLanguage\":\"en-GB\"},{\"@type\":\"Organization\",\"@id\":\"https:\/\/filzfabrik.de\/#organization\",\"name\":\"M&K\",\"url\":\"https:\/\/filzfabrik.de\/\",\"logo\":{\"@type\":\"ImageObject\",\"inLanguage\":\"en-GB\",\"@id\":\"https:\/\/filzfabrik.de\/#\/schema\/logo\/image\/\",\"url\":\"https:\/\/filzfabrik.de\/wp-content\/uploads\/2025\/02\/cropped-125-tomate.jpg\",\"contentUrl\":\"https:\/\/filzfabrik.de\/wp-content\/uploads\/2025\/02\/cropped-125-tomate.jpg\",\"width\":512,\"height\":512,\"caption\":\"M&K\"},\"image\":{\"@id\":\"https:\/\/filzfabrik.de\/#\/schema\/logo\/image\/\"}}]}<\/script>\n<!-- \/ Yoast SEO plugin. -->","yoast_head_json":{"title":"Nachhaltigkeit - M&K","description":"Filzfabrik Nachhaltigkeit: Mit regionalen Materialien, ressourcenschonender Produktion und Verantwortung zu umweltfreundlichen Filzprodukten.","robots":{"index":"index","follow":"follow","max-snippet":"max-snippet:-1","max-image-preview":"max-image-preview:large","max-video-preview":"max-video-preview:-1"},"canonical":"https:\/\/filzfabrik.de\/en\/nachhaltigkeit\/","og_locale":"en_GB","og_type":"article","og_title":"Nachhaltigkeit - M&K","og_description":"Filzfabrik Nachhaltigkeit: Mit regionalen Materialien, ressourcenschonender Produktion und Verantwortung zu umweltfreundlichen Filzprodukten.","og_url":"https:\/\/filzfabrik.de\/en\/nachhaltigkeit\/","og_site_name":"M&K","article_modified_time":"2025-06-30T12:17:46+00:00","og_image":[{"url":"https:\/\/filzfabrik.de\/wp-content\/uploads\/2025\/03\/Grafik_Kreislauf-960x1024.png","type":"","width":"","height":""}],"twitter_card":"summary_large_image","twitter_misc":{"Estimated reading time":"1 minute"},"schema":{"@context":"https:\/\/schema.org","@graph":[{"@type":"WebPage","@id":"https:\/\/filzfabrik.de\/nachhaltigkeit\/","url":"https:\/\/filzfabrik.de\/nachhaltigkeit\/","name":"Nachhaltigkeit - M&K","isPartOf":{"@id":"https:\/\/filzfabrik.de\/#website"},"primaryImageOfPage":{"@id":"https:\/\/filzfabrik.de\/nachhaltigkeit\/#primaryimage"},"image":{"@id":"https:\/\/filzfabrik.de\/nachhaltigkeit\/#primaryimage"},"thumbnailUrl":"https:\/\/filzfabrik.de\/wp-content\/uploads\/2025\/03\/Grafik_Kreislauf-960x1024.png","datePublished":"2025-03-05T13:28:33+00:00","dateModified":"2025-06-30T12:17:46+00:00","description":"Filzfabrik Nachhaltigkeit: Mit regionalen Materialien, ressourcenschonender Produktion und Verantwortung zu umweltfreundlichen Filzprodukten.","breadcrumb":{"@id":"https:\/\/filzfabrik.de\/nachhaltigkeit\/#breadcrumb"},"inLanguage":"en-GB","potentialAction":[{"@type":"ReadAction","target":["https:\/\/filzfabrik.de\/nachhaltigkeit\/"]}]},{"@type":"ImageObject","inLanguage":"en-GB","@id":"https:\/\/filzfabrik.de\/nachhaltigkeit\/#primaryimage","url":"https:\/\/filzfabrik.de\/wp-content\/uploads\/2025\/03\/Grafik_Kreislauf-960x1024.png","contentUrl":"https:\/\/filzfabrik.de\/wp-content\/uploads\/2025\/03\/Grafik_Kreislauf-960x1024.png"},{"@type":"BreadcrumbList","@id":"https:\/\/filzfabrik.de\/nachhaltigkeit\/#breadcrumb","itemListElement":[{"@type":"ListItem","position":1,"name":"Startseite","item":"https:\/\/filzfabrik.de\/"},{"@type":"ListItem","position":2,"name":"Nachhaltigkeit"}]},{"@type":"WebSite","@id":"https:\/\/filzfabrik.de\/#website","url":"https:\/\/filzfabrik.de\/","name":"M&amp;K","description":"FELT - AS DIVERSE AS LIFE ITSELF","publisher":{"@id":"https:\/\/filzfabrik.de\/#organization"},"alternateName":"FILZFABRIK","potentialAction":[{"@type":"SearchAction","target":{"@type":"EntryPoint","urlTemplate":"https:\/\/filzfabrik.de\/?s={search_term_string}"},"query-input":{"@type":"PropertyValueSpecification","valueRequired":true,"valueName":"search_term_string"}}],"inLanguage":"en-GB"},{"@type":"Organization","@id":"https:\/\/filzfabrik.de\/#organization","name":"M&amp;K","url":"https:\/\/filzfabrik.de\/","logo":{"@type":"ImageObject","inLanguage":"en-GB","@id":"https:\/\/filzfabrik.de\/#\/schema\/logo\/image\/","url":"https:\/\/filzfabrik.de\/wp-content\/uploads\/2025\/02\/cropped-125-tomate.jpg","contentUrl":"https:\/\/filzfabrik.de\/wp-content\/uploads\/2025\/02\/cropped-125-tomate.jpg","width":512,"height":512,"caption":"M&K"},"image":{"@id":"https:\/\/filzfabrik.de\/#\/schema\/logo\/image\/"}}]}},"_links":{"self":[{"href":"https:\/\/filzfabrik.de\/en\/wp-json\/wp\/v2\/pages\/952","targetHints":{"allow":["GET"]}}],"collection":[{"href":"https:\/\/filzfabrik.de\/en\/wp-json\/wp\/v2\/pages"}],"about":[{"href":"https:\/\/filzfabrik.de\/en\/wp-json\/wp\/v2\/types\/page"}],"author":[{"embeddable":true,"href":"https:\/\/filzfabrik.de\/en\/wp-json\/wp\/v2\/users\/1"}],"replies":[{"embeddable":true,"href":"https:\/\/filzfabrik.de\/en\/wp-json\/wp\/v2\/comments?post=952"}],"version-history":[{"count":16,"href":"https:\/\/filzfabrik.de\/en\/wp-json\/wp\/v2\/pages\/952\/revisions"}],"predecessor-version":[{"id":1496,"href":"https:\/\/filzfabrik.de\/en\/wp-json\/wp\/v2\/pages\/952\/revisions\/1496"}],"wp:attachment":[{"href":"https:\/\/filzfabrik.de\/en\/wp-json\/wp\/v2\/media?parent=952"}],"curies":[{"name":"wp","href":"https:\/\/api.w.org\/{rel}","templated":true}]}}