{"id":456,"date":"2025-02-24T12:44:01","date_gmt":"2025-02-24T12:44:01","guid":{"rendered":"https:\/\/filzfabrik.de\/?page_id=456"},"modified":"2025-06-30T14:12:02","modified_gmt":"2025-06-30T12:12:02","slug":"stantzteile","status":"publish","type":"page","link":"https:\/\/filzfabrik.de\/en\/technischer-filz\/stantzteile\/","title":{"rendered":"Punched parts"},"content":{"rendered":"<div data-elementor-type=\"wp-page\" data-elementor-id=\"456\" class=\"elementor elementor-456\" data-elementor-post-type=\"page\">\n\t\t\t\t<div class=\"elementor-element elementor-element-273f5c8 e-flex e-con-boxed e-con e-parent\" data-id=\"273f5c8\" data-element_type=\"container\" data-settings=\"{&quot;background_background&quot;:&quot;classic&quot;,&quot;jet_parallax_layout_list&quot;:[]}\">\n\t\t\t\t\t<div class=\"e-con-inner\">\n\t\t<div class=\"elementor-element elementor-element-f5cc10a e-con-full e-flex e-con e-child\" data-id=\"f5cc10a\" data-element_type=\"container\" data-settings=\"{&quot;jet_parallax_layout_list&quot;:[]}\">\n\t\t\t\t<div class=\"elementor-element elementor-element-794005e elementor-widget elementor-widget-heading\" data-id=\"794005e\" data-element_type=\"widget\" data-widget_type=\"heading.default\">\n\t\t\t\t<div class=\"elementor-widget-container\">\n\t\t\t\t\t<h3 class=\"elementor-heading-title elementor-size-default\">Durable &amp; sustainable<\/h3>\t\t\t\t<\/div>\n\t\t\t\t<\/div>\n\t\t\t\t<div class=\"elementor-element elementor-element-d519c25 elementor-widget elementor-widget-text-editor\" data-id=\"d519c25\" data-element_type=\"widget\" data-widget_type=\"text-editor.default\">\n\t\t\t\t<div class=\"elementor-widget-container\">\n\t\t\t\t\t\t\t\t\t<p>Felt is a natural product with unique properties such as excellent insulation, elasticity and durability. Its versatility makes it indispensable for modern applications in industry and trade. Environmentally friendly and adaptable, felt fulfils the highest demands for sustainable, innovative solutions. Discover felt - the material that combines tradition and technology.<\/p>\t\t\t\t\t\t\t\t<\/div>\n\t\t\t\t<\/div>\n\t\t\t\t<\/div>\n\t\t<div class=\"elementor-element elementor-element-bd68472 e-con-full e-flex e-con e-child\" data-id=\"bd68472\" data-element_type=\"container\" data-settings=\"{&quot;jet_parallax_layout_list&quot;:[]}\">\n\t\t\t\t<div class=\"elementor-element elementor-element-23347b9 elementor-widget elementor-widget-heading\" data-id=\"23347b9\" data-element_type=\"widget\" data-widget_type=\"heading.default\">\n\t\t\t\t<div class=\"elementor-widget-container\">\n\t\t\t\t\t<h2 class=\"elementor-heading-title elementor-size-default\">Versatile &amp; indispensable<\/h2>\t\t\t\t<\/div>\n\t\t\t\t<\/div>\n\t\t\t\t<div class=\"elementor-element elementor-element-26678d7 elementor-widget elementor-widget-text-editor\" data-id=\"26678d7\" data-element_type=\"widget\" data-widget_type=\"text-editor.default\">\n\t\t\t\t<div class=\"elementor-widget-container\">\n\t\t\t\t\t\t\t\t\t<p>Felt punched and cut-to-size parts impress with their flexibility and range of applications: In the automotive industry they provide noise and vibration damping, in electronics they protect components from dust and moisture. In the aerospace industry, they serve as lightweight, robust seals, while in the medical sector they offer sterile and biocompatible solutions. This versatility makes felt a key element for innovative solutions in a wide range of industries.<\/p>\t\t\t\t\t\t\t\t<\/div>\n\t\t\t\t<\/div>\n\t\t\t\t<\/div>\n\t\t<div class=\"elementor-element elementor-element-47c3bbc e-con-full e-flex e-con e-child\" data-id=\"47c3bbc\" data-element_type=\"container\" data-settings=\"{&quot;jet_parallax_layout_list&quot;:[]}\">\n\t\t\t\t<div class=\"elementor-element elementor-element-20dffc2 elementor-widget elementor-widget-heading\" data-id=\"20dffc2\" data-element_type=\"widget\" data-widget_type=\"heading.default\">\n\t\t\t\t<div class=\"elementor-widget-container\">\n\t\t\t\t\t<h2 class=\"elementor-heading-title elementor-size-default\">Revolutionary material<\/h2>\t\t\t\t<\/div>\n\t\t\t\t<\/div>\n\t\t\t\t<div class=\"elementor-element elementor-element-3532a11 elementor-widget elementor-widget-text-editor\" data-id=\"3532a11\" data-element_type=\"widget\" data-widget_type=\"text-editor.default\">\n\t\t\t\t<div class=\"elementor-widget-container\">\n\t\t\t\t\t\t\t\t\t<p>Felt impresses with its adaptability and fulfils the requirements of a wide range of industries thanks to its variable thicknesses and densities. With natural wool fibres and innovative production techniques such as wet and dry needle felting, it offers tailor-made solutions. Whether for sound insulation, filter technology, polishing work or the automotive industry - felt impresses with its durability, vibration damping and excellent absorption. Its versatility makes it the ideal material for sustainable and cost-efficient industrial applications.<\/p>\t\t\t\t\t\t\t\t<\/div>\n\t\t\t\t<\/div>\n\t\t\t\t<\/div>\n\t\t\t\t\t<\/div>\n\t\t\t\t<\/div>\n\t\t<div class=\"elementor-element elementor-element-cd72e9a e-flex e-con-boxed e-con e-parent\" data-id=\"cd72e9a\" data-element_type=\"container\" data-settings=\"{&quot;background_background&quot;:&quot;classic&quot;,&quot;jet_parallax_layout_list&quot;:[]}\">\n\t\t\t\t\t<div class=\"e-con-inner\">\n\t\t<div class=\"elementor-element elementor-element-5128607 e-con-full e-flex e-con e-child\" data-id=\"5128607\" data-element_type=\"container\" data-settings=\"{&quot;jet_parallax_layout_list&quot;:[]}\">\n\t\t\t\t<div class=\"elementor-element elementor-element-5becb4a elementor-widget elementor-widget-heading\" data-id=\"5becb4a\" data-element_type=\"widget\" data-widget_type=\"heading.default\">\n\t\t\t\t<div class=\"elementor-widget-container\">\n\t\t\t\t\t<h2 class=\"elementor-heading-title elementor-size-default\">Versatility through variable density<\/h2>\t\t\t\t<\/div>\n\t\t\t\t<\/div>\n\t\t\t\t<div class=\"elementor-element elementor-element-d1c91bb elementor-widget elementor-widget-text-editor\" data-id=\"d1c91bb\" data-element_type=\"widget\" data-widget_type=\"text-editor.default\">\n\t\t\t\t<div class=\"elementor-widget-container\">\n\t\t\t\t\t\t\t\t\t<p>Felt adapts perfectly to different industrial requirements thanks to its varying density. High-density felt variants impress with their durability and abrasion resistance and are ideal for applications in the automotive industry or in mechanical engineering. Lower-density felts score with flexibility and excellent sound insulation, e.g. for upholstery. This versatility makes felt an indispensable material for efficient and sustainable solutions in numerous industries.<\/p>\t\t\t\t\t\t\t\t<\/div>\n\t\t\t\t<\/div>\n\t\t\t\t<\/div>\n\t\t<div class=\"elementor-element elementor-element-76cb0ff e-con-full e-flex e-con e-child\" data-id=\"76cb0ff\" data-element_type=\"container\" data-settings=\"{&quot;jet_parallax_layout_list&quot;:[]}\">\n\t\t\t\t<div class=\"elementor-element elementor-element-378afd2 elementor-widget elementor-widget-heading\" data-id=\"378afd2\" data-element_type=\"widget\" data-widget_type=\"heading.default\">\n\t\t\t\t<div class=\"elementor-widget-container\">\n\t\t\t\t\t<h2 class=\"elementor-heading-title elementor-size-default\">Felt &amp; Fluid Technology<\/h2>\t\t\t\t<\/div>\n\t\t\t\t<\/div>\n\t\t\t\t<div class=\"elementor-element elementor-element-88418f9 elementor-widget elementor-widget-text-editor\" data-id=\"88418f9\" data-element_type=\"widget\" data-widget_type=\"text-editor.default\">\n\t\t\t\t<div class=\"elementor-widget-container\">\n\t\t\t\t\t\t\t\t\t<p>In combination with additives, oils or pastes, felt develops an ideal synergy for industrial applications. Its ability to store and distribute fluids evenly makes it indispensable for continuous lubrication. As a carrier material, felt brings lubricants precisely to where they are needed and at the same time serves as a seal or absorber. Whether in the automotive industry, precision machinery or electronics - felt increases the efficiency and service life of machines and devices.<\/p>\t\t\t\t\t\t\t\t<\/div>\n\t\t\t\t<\/div>\n\t\t\t\t<\/div>\n\t\t<div class=\"elementor-element elementor-element-e482a6b e-con-full e-flex e-con e-child\" data-id=\"e482a6b\" data-element_type=\"container\" data-settings=\"{&quot;jet_parallax_layout_list&quot;:[]}\">\n\t\t\t\t<div class=\"elementor-element elementor-element-2cc2c28 elementor-widget elementor-widget-heading\" data-id=\"2cc2c28\" data-element_type=\"widget\" data-widget_type=\"heading.default\">\n\t\t\t\t<div class=\"elementor-widget-container\">\n\t\t\t\t\t<h2 class=\"elementor-heading-title elementor-size-default\">Optimum die-cutting solutions and cuts from felt<\/h2>\t\t\t\t<\/div>\n\t\t\t\t<\/div>\n\t\t\t\t<div class=\"elementor-element elementor-element-458fc91 elementor-widget elementor-widget-text-editor\" data-id=\"458fc91\" data-element_type=\"widget\" data-widget_type=\"text-editor.default\">\n\t\t\t\t<div class=\"elementor-widget-container\">\n\t\t\t\t\t\t\t\t\t<p>Our company stands for quality and customised solutions in the world of felt die-cut parts and blanks. We manufacture customised products that are precisely tailored to your requirements, using state-of-the-art technologies and high-quality materials. Our experienced team delivers durable, efficient and innovative solutions with a focus on exceeding your expectations. Put your trust in a partner who puts precision, customer satisfaction and innovative strength at the centre of everything they do.<\/p>\t\t\t\t\t\t\t\t<\/div>\n\t\t\t\t<\/div>\n\t\t\t\t<\/div>\n\t\t\t\t\t<\/div>\n\t\t\t\t<\/div>\n\t\t<div class=\"elementor-element elementor-element-1d2fb61 e-flex e-con-boxed e-con e-parent\" data-id=\"1d2fb61\" data-element_type=\"container\" data-settings=\"{&quot;background_background&quot;:&quot;classic&quot;,&quot;jet_parallax_layout_list&quot;:[]}\">\n\t\t\t\t\t<div class=\"e-con-inner\">\n\t\t\t\t<div class=\"elementor-element elementor-element-19353cf elementor-align-center elementor-widget elementor-widget-button\" data-id=\"19353cf\" data-element_type=\"widget\" data-widget_type=\"button.default\">\n\t\t\t\t<div class=\"elementor-widget-container\">\n\t\t\t\t\t\t\t\t\t<div class=\"elementor-button-wrapper\">\n\t\t\t\t\t<a class=\"elementor-button elementor-button-link elementor-size-sm\" href=\"mailto:info@filzfabrik.de\">\n\t\t\t\t\t\t<span class=\"elementor-button-content-wrapper\">\n\t\t\t\t\t\t<span class=\"elementor-button-icon\">\n\t\t\t\t<svg xmlns=\"http:\/\/www.w3.org\/2000\/svg\" width=\"7.656\" height=\"13.899\" viewbox=\"0 0 7.656 13.899\"><path id=\"Pfad_41\" data-name=\"Pfad 41\" d=\"M1812.212,479.01l6.242,6.242-6.242,6.242\" transform=\"translate(-1811.505 -478.302)\" fill=\"none\" stroke=\"#fff\" stroke-linecap=\"round\" stroke-width=\"1\"><\/path><\/svg>\t\t\t<\/span>\n\t\t\t\t\t\t\t\t\t<span class=\"elementor-button-text\">Enquire now<\/span>\n\t\t\t\t\t<\/span>\n\t\t\t\t\t<\/a>\n\t\t\t\t<\/div>\n\t\t\t\t\t\t\t\t<\/div>\n\t\t\t\t<\/div>\n\t\t\t\t\t<\/div>\n\t\t\t\t<\/div>\n\t\t\t\t<\/div>","protected":false},"excerpt":{"rendered":"<p>Langlebig &amp; nachhaltig Filz ist ein Naturprodukt mit einzigartigen Eigenschaften wie hervorragender Isolierung, Elastizit\u00e4t und Haltbarkeit. Seine Vielseitigkeit macht ihn unverzichtbar f\u00fcr moderne Anwendungen in Industrie und Handwerk. Umweltfreundlich und anpassungsf\u00e4hig erf\u00fcllt Filz h\u00f6chste Anspr\u00fcche an nachhaltige, innovative L\u00f6sungen. Entdecken Sie Filz \u2013 das Material, das Tradition und Technologie verbindet. Vielseitig &amp; unverzichtbar Filzstanz- und [&hellip;]<\/p>","protected":false},"author":1,"featured_media":0,"parent":454,"menu_order":0,"comment_status":"closed","ping_status":"closed","template":"","meta":{"footnotes":""},"class_list":["post-456","page","type-page","status-publish","hentry"],"yoast_head":"<!-- This site is optimized with the Yoast SEO plugin v26.5 - https:\/\/yoast.com\/wordpress\/plugins\/seo\/ -->\n<title>Stanzteile - M&amp;K<\/title>\n<meta name=\"description\" content=\"Entdecken Sie technische Filz\u2011Stanzteile: Pr\u00e4zise zugeschnitten, hochbelastbar und optimal f\u00fcr Industrie\u2011 und Dichtungsl\u00f6sungen.\" \/>\n<meta name=\"robots\" content=\"index, follow, max-snippet:-1, max-image-preview:large, max-video-preview:-1\" \/>\n<link rel=\"canonical\" href=\"https:\/\/filzfabrik.de\/en\/technischer-filz\/stantzteile\/\" \/>\n<meta property=\"og:locale\" content=\"en_GB\" \/>\n<meta property=\"og:type\" content=\"article\" \/>\n<meta property=\"og:title\" content=\"Stanzteile - M&amp;K\" \/>\n<meta property=\"og:description\" content=\"Entdecken Sie technische Filz\u2011Stanzteile: Pr\u00e4zise zugeschnitten, hochbelastbar und optimal f\u00fcr Industrie\u2011 und Dichtungsl\u00f6sungen.\" \/>\n<meta property=\"og:url\" content=\"https:\/\/filzfabrik.de\/en\/technischer-filz\/stantzteile\/\" \/>\n<meta property=\"og:site_name\" content=\"M&amp;K\" \/>\n<meta property=\"article:modified_time\" content=\"2025-06-30T12:12:02+00:00\" \/>\n<meta name=\"twitter:card\" content=\"summary_large_image\" \/>\n<meta name=\"twitter:label1\" content=\"Estimated reading time\" \/>\n\t<meta name=\"twitter:data1\" content=\"3 minutes\" \/>\n<script type=\"application\/ld+json\" class=\"yoast-schema-graph\">{\"@context\":\"https:\/\/schema.org\",\"@graph\":[{\"@type\":\"WebPage\",\"@id\":\"https:\/\/filzfabrik.de\/technischer-filz\/stantzteile\/\",\"url\":\"https:\/\/filzfabrik.de\/technischer-filz\/stantzteile\/\",\"name\":\"Stanzteile - M&K\",\"isPartOf\":{\"@id\":\"https:\/\/filzfabrik.de\/#website\"},\"datePublished\":\"2025-02-24T12:44:01+00:00\",\"dateModified\":\"2025-06-30T12:12:02+00:00\",\"description\":\"Entdecken Sie technische Filz\u2011Stanzteile: Pr\u00e4zise zugeschnitten, hochbelastbar und optimal f\u00fcr Industrie\u2011 und Dichtungsl\u00f6sungen.\",\"breadcrumb\":{\"@id\":\"https:\/\/filzfabrik.de\/technischer-filz\/stantzteile\/#breadcrumb\"},\"inLanguage\":\"en-GB\",\"potentialAction\":[{\"@type\":\"ReadAction\",\"target\":[\"https:\/\/filzfabrik.de\/technischer-filz\/stantzteile\/\"]}]},{\"@type\":\"BreadcrumbList\",\"@id\":\"https:\/\/filzfabrik.de\/technischer-filz\/stantzteile\/#breadcrumb\",\"itemListElement\":[{\"@type\":\"ListItem\",\"position\":1,\"name\":\"Startseite\",\"item\":\"https:\/\/filzfabrik.de\/\"},{\"@type\":\"ListItem\",\"position\":2,\"name\":\"Technischer Filz\",\"item\":\"https:\/\/filzfabrik.de\/technischer-filz\/\"},{\"@type\":\"ListItem\",\"position\":3,\"name\":\"Stanzteile\"}]},{\"@type\":\"WebSite\",\"@id\":\"https:\/\/filzfabrik.de\/#website\",\"url\":\"https:\/\/filzfabrik.de\/\",\"name\":\"M&K\",\"description\":\"FILZ \u2013 SO VIELF\u00c4LTIG WIE DAS LEBEN\",\"publisher\":{\"@id\":\"https:\/\/filzfabrik.de\/#organization\"},\"alternateName\":\"FILZFABRIK\",\"potentialAction\":[{\"@type\":\"SearchAction\",\"target\":{\"@type\":\"EntryPoint\",\"urlTemplate\":\"https:\/\/filzfabrik.de\/?s={search_term_string}\"},\"query-input\":{\"@type\":\"PropertyValueSpecification\",\"valueRequired\":true,\"valueName\":\"search_term_string\"}}],\"inLanguage\":\"en-GB\"},{\"@type\":\"Organization\",\"@id\":\"https:\/\/filzfabrik.de\/#organization\",\"name\":\"M&K\",\"url\":\"https:\/\/filzfabrik.de\/\",\"logo\":{\"@type\":\"ImageObject\",\"inLanguage\":\"en-GB\",\"@id\":\"https:\/\/filzfabrik.de\/#\/schema\/logo\/image\/\",\"url\":\"https:\/\/filzfabrik.de\/wp-content\/uploads\/2025\/02\/cropped-125-tomate.jpg\",\"contentUrl\":\"https:\/\/filzfabrik.de\/wp-content\/uploads\/2025\/02\/cropped-125-tomate.jpg\",\"width\":512,\"height\":512,\"caption\":\"M&K\"},\"image\":{\"@id\":\"https:\/\/filzfabrik.de\/#\/schema\/logo\/image\/\"}}]}<\/script>\n<!-- \/ Yoast SEO plugin. -->","yoast_head_json":{"title":"Stanzteile - M&K","description":"Entdecken Sie technische Filz\u2011Stanzteile: Pr\u00e4zise zugeschnitten, hochbelastbar und optimal f\u00fcr Industrie\u2011 und Dichtungsl\u00f6sungen.","robots":{"index":"index","follow":"follow","max-snippet":"max-snippet:-1","max-image-preview":"max-image-preview:large","max-video-preview":"max-video-preview:-1"},"canonical":"https:\/\/filzfabrik.de\/en\/technischer-filz\/stantzteile\/","og_locale":"en_GB","og_type":"article","og_title":"Stanzteile - M&K","og_description":"Entdecken Sie technische Filz\u2011Stanzteile: Pr\u00e4zise zugeschnitten, hochbelastbar und optimal f\u00fcr Industrie\u2011 und Dichtungsl\u00f6sungen.","og_url":"https:\/\/filzfabrik.de\/en\/technischer-filz\/stantzteile\/","og_site_name":"M&K","article_modified_time":"2025-06-30T12:12:02+00:00","twitter_card":"summary_large_image","twitter_misc":{"Estimated reading time":"3 minutes"},"schema":{"@context":"https:\/\/schema.org","@graph":[{"@type":"WebPage","@id":"https:\/\/filzfabrik.de\/technischer-filz\/stantzteile\/","url":"https:\/\/filzfabrik.de\/technischer-filz\/stantzteile\/","name":"Stanzteile - M&K","isPartOf":{"@id":"https:\/\/filzfabrik.de\/#website"},"datePublished":"2025-02-24T12:44:01+00:00","dateModified":"2025-06-30T12:12:02+00:00","description":"Entdecken Sie technische Filz\u2011Stanzteile: Pr\u00e4zise zugeschnitten, hochbelastbar und optimal f\u00fcr Industrie\u2011 und Dichtungsl\u00f6sungen.","breadcrumb":{"@id":"https:\/\/filzfabrik.de\/technischer-filz\/stantzteile\/#breadcrumb"},"inLanguage":"en-GB","potentialAction":[{"@type":"ReadAction","target":["https:\/\/filzfabrik.de\/technischer-filz\/stantzteile\/"]}]},{"@type":"BreadcrumbList","@id":"https:\/\/filzfabrik.de\/technischer-filz\/stantzteile\/#breadcrumb","itemListElement":[{"@type":"ListItem","position":1,"name":"Startseite","item":"https:\/\/filzfabrik.de\/"},{"@type":"ListItem","position":2,"name":"Technischer Filz","item":"https:\/\/filzfabrik.de\/technischer-filz\/"},{"@type":"ListItem","position":3,"name":"Stanzteile"}]},{"@type":"WebSite","@id":"https:\/\/filzfabrik.de\/#website","url":"https:\/\/filzfabrik.de\/","name":"M&amp;K","description":"FELT - AS DIVERSE AS LIFE ITSELF","publisher":{"@id":"https:\/\/filzfabrik.de\/#organization"},"alternateName":"FILZFABRIK","potentialAction":[{"@type":"SearchAction","target":{"@type":"EntryPoint","urlTemplate":"https:\/\/filzfabrik.de\/?s={search_term_string}"},"query-input":{"@type":"PropertyValueSpecification","valueRequired":true,"valueName":"search_term_string"}}],"inLanguage":"en-GB"},{"@type":"Organization","@id":"https:\/\/filzfabrik.de\/#organization","name":"M&amp;K","url":"https:\/\/filzfabrik.de\/","logo":{"@type":"ImageObject","inLanguage":"en-GB","@id":"https:\/\/filzfabrik.de\/#\/schema\/logo\/image\/","url":"https:\/\/filzfabrik.de\/wp-content\/uploads\/2025\/02\/cropped-125-tomate.jpg","contentUrl":"https:\/\/filzfabrik.de\/wp-content\/uploads\/2025\/02\/cropped-125-tomate.jpg","width":512,"height":512,"caption":"M&K"},"image":{"@id":"https:\/\/filzfabrik.de\/#\/schema\/logo\/image\/"}}]}},"_links":{"self":[{"href":"https:\/\/filzfabrik.de\/en\/wp-json\/wp\/v2\/pages\/456","targetHints":{"allow":["GET"]}}],"collection":[{"href":"https:\/\/filzfabrik.de\/en\/wp-json\/wp\/v2\/pages"}],"about":[{"href":"https:\/\/filzfabrik.de\/en\/wp-json\/wp\/v2\/types\/page"}],"author":[{"embeddable":true,"href":"https:\/\/filzfabrik.de\/en\/wp-json\/wp\/v2\/users\/1"}],"replies":[{"embeddable":true,"href":"https:\/\/filzfabrik.de\/en\/wp-json\/wp\/v2\/comments?post=456"}],"version-history":[{"count":52,"href":"https:\/\/filzfabrik.de\/en\/wp-json\/wp\/v2\/pages\/456\/revisions"}],"predecessor-version":[{"id":1750,"href":"https:\/\/filzfabrik.de\/en\/wp-json\/wp\/v2\/pages\/456\/revisions\/1750"}],"up":[{"embeddable":true,"href":"https:\/\/filzfabrik.de\/en\/wp-json\/wp\/v2\/pages\/454"}],"wp:attachment":[{"href":"https:\/\/filzfabrik.de\/en\/wp-json\/wp\/v2\/media?parent=456"}],"curies":[{"name":"wp","href":"https:\/\/api.w.org\/{rel}","templated":true}]}}