{"id":1059,"date":"2025-03-06T11:56:42","date_gmt":"2025-03-06T10:56:42","guid":{"rendered":"https:\/\/filzfabrik.de\/?page_id=1059"},"modified":"2026-02-12T11:49:51","modified_gmt":"2026-02-12T10:49:51","slug":"impressum","status":"publish","type":"page","link":"https:\/\/filzfabrik.de\/en\/impressum\/","title":{"rendered":"Imprint"},"content":{"rendered":"<div data-elementor-type=\"wp-page\" data-elementor-id=\"1059\" class=\"elementor elementor-1059\" data-elementor-post-type=\"page\">\n\t\t\t\t<div class=\"elementor-element elementor-element-13681ad e-flex e-con-boxed e-con e-parent\" data-id=\"13681ad\" data-element_type=\"container\" data-settings=\"{&quot;jet_parallax_layout_list&quot;:[]}\">\n\t\t\t\t\t<div class=\"e-con-inner\">\n\t\t\t\t<div class=\"elementor-element elementor-element-9dcd8e6 elementor-widget elementor-widget-heading\" data-id=\"9dcd8e6\" data-element_type=\"widget\" data-widget_type=\"heading.default\">\n\t\t\t\t<div class=\"elementor-widget-container\">\n\t\t\t\t\t<h1 class=\"elementor-heading-title elementor-size-default\">IMPRINT<\/h1>\t\t\t\t<\/div>\n\t\t\t\t<\/div>\n\t\t\t\t<div class=\"elementor-element elementor-element-237ae39 elementor-widget elementor-widget-text-editor\" data-id=\"237ae39\" data-element_type=\"widget\" data-widget_type=\"text-editor.default\">\n\t\t\t\t<div class=\"elementor-widget-container\">\n\t\t\t\t\t\t\t\t\t<p>M&amp;K Filze GmbH<br \/>Gewerbepark H\u00fcgelm\u00fchle<br \/>91174 Spalt<\/p><p>Commercial register: HRB 9183<br \/>Register court: Nuremberg Local Court<\/p><p>Represented by:<br \/>Georg Dicks<br \/>Martin Sch\u00e4fer<\/p><h3>Contact us<\/h3><p>Phone: +49 9175 90778-0<br \/>Fax: +49 9175 90778-50<br \/>E-mail: info@filzfabrik.de<\/p><h3>Sales tax ID<\/h3><p>Sales tax identification number according to \u00a7 27 a sales tax law:<br \/>DE133514985<\/p><h3>EU dispute resolution<\/h3><p>The European Commission provides a platform for online dispute resolution (OS): <a href=\"https:\/\/ec.europa.eu\/consumers\/odr\/\" target=\"_blank\" rel=\"noopener noreferrer\">https:\/\/ec.europa.eu\/consumers\/odr\/<\/a>.<br \/>You can find our e-mail address in the legal notice above.<\/p><h3>Consumer dispute resolution\/universal arbitration centre<\/h3><p>We are not willing or obliged to participate in dispute resolution proceedings before a consumer arbitration board.<\/p><h3>Concept &amp; Design<\/h3><p>LEHANKA Kommunikationsagentur GmbH | Ruhm\u00fchlstr. 16 | 74579 Fichtenau<br \/>The communications agency from the Crailsheim, Ellwangen, Schw\u00e4bisch Hall and Aalen region: <a href=\"https:\/\/www.lehanka.de\">www.lehanka.de<\/a><\/p>\t\t\t\t\t\t\t\t<\/div>\n\t\t\t\t<\/div>\n\t\t\t\t<div class=\"elementor-element elementor-element-4f29b59 elementor-widget elementor-widget-heading\" data-id=\"4f29b59\" data-element_type=\"widget\" data-widget_type=\"heading.default\">\n\t\t\t\t<div class=\"elementor-widget-container\">\n\t\t\t\t\t<h2 class=\"elementor-heading-title elementor-size-default\">IMPRINT SOCIAL MEDIA<\/h2>\t\t\t\t<\/div>\n\t\t\t\t<\/div>\n\t\t\t\t<div class=\"elementor-element elementor-element-1235799 elementor-widget elementor-widget-text-editor\" data-id=\"1235799\" data-element_type=\"widget\" data-widget_type=\"text-editor.default\">\n\t\t\t\t<div class=\"elementor-widget-container\">\n\t\t\t\t\t\t\t\t\t<p>M&amp;K Filze GmbH<br \/>Gewerbepark H\u00fcgelm\u00fchle<br \/>91174 Spalt<\/p><p>Commercial register: HRB 9183<br \/>Register court: Nuremberg Local Court<\/p><p>Represented by:<br \/>Georg Dicks<br \/>Martin Sch\u00e4fer<\/p><h3>Contact us<\/h3><p>Phone: +49 9175 90778-0<br \/>Fax: +49 9175 90778-50<br \/>E-mail: socialmedia@filzfabrik.de<\/p><h3>Sales tax ID<\/h3><p>Sales tax identification number according to \u00a7 27 a sales tax law:<br \/>DE133514985<\/p><h3>Consumer dispute resolution\/universal arbitration centre<\/h3><p>We are not willing or obliged to participate in dispute resolution proceedings before a consumer arbitration board.<\/p>\t\t\t\t\t\t\t\t<\/div>\n\t\t\t\t<\/div>\n\t\t\t\t\t<\/div>\n\t\t\t\t<\/div>\n\t\t\t\t<\/div>","protected":false},"excerpt":{"rendered":"<p>IMPRINT M&amp;K Filze GmbHGewerbepark H\u00fcgelm\u00fchle91174 Spalt Commercial register: HRB 9183Register court: Nuremberg Local Court Represented by:Georg DicksMartin Sch\u00e4fer Contact Phone: +49 9175 90778-0Telefax: +49 9175 90778-50E-mail: info@filzfabrik.de Sales tax ID Sales tax identification number according to \u00a7 27 a Umsatzsteuergesetz:DE133514985 EU dispute resolution The European Commission provides a platform for online dispute resolution (OS): https:\/\/ec.europa.eu\/consumers\/odr\/.Unsere E-mail address can be found above in the imprint. Consumer dispute resolution\/Universal arbitration board We are not willing or [...]<\/p>","protected":false},"author":1,"featured_media":0,"parent":0,"menu_order":0,"comment_status":"closed","ping_status":"closed","template":"","meta":{"footnotes":""},"class_list":["post-1059","page","type-page","status-publish","hentry"],"yoast_head":"<!-- This site is optimized with the Yoast SEO plugin v26.5 - https:\/\/yoast.com\/wordpress\/plugins\/seo\/ -->\n<title>Impressum - M&amp;K<\/title>\n<meta name=\"description\" content=\"Filzfabrik Impressum: Angaben zu M&amp;K\u202fFilze\u202fGmbH, Gesch\u00e4ftsf\u00fchrer, Kontakt, USt\u2011ID, Registergericht &amp; rechtliche Hinweise.\" \/>\n<meta name=\"robots\" content=\"index, follow, max-snippet:-1, max-image-preview:large, max-video-preview:-1\" \/>\n<link rel=\"canonical\" href=\"https:\/\/filzfabrik.de\/en\/impressum\/\" \/>\n<meta property=\"og:locale\" content=\"en_GB\" \/>\n<meta property=\"og:type\" content=\"article\" \/>\n<meta property=\"og:title\" content=\"Impressum - M&amp;K\" \/>\n<meta property=\"og:description\" content=\"Filzfabrik Impressum: Angaben zu M&amp;K\u202fFilze\u202fGmbH, Gesch\u00e4ftsf\u00fchrer, Kontakt, USt\u2011ID, Registergericht &amp; rechtliche Hinweise.\" \/>\n<meta property=\"og:url\" content=\"https:\/\/filzfabrik.de\/en\/impressum\/\" \/>\n<meta property=\"og:site_name\" content=\"M&amp;K\" \/>\n<meta property=\"article:modified_time\" content=\"2026-02-12T10:49:51+00:00\" \/>\n<meta name=\"twitter:card\" content=\"summary_large_image\" \/>\n<meta name=\"twitter:label1\" content=\"Estimated reading time\" \/>\n\t<meta name=\"twitter:data1\" content=\"1 minute\" \/>\n<script type=\"application\/ld+json\" class=\"yoast-schema-graph\">{\"@context\":\"https:\/\/schema.org\",\"@graph\":[{\"@type\":\"WebPage\",\"@id\":\"https:\/\/filzfabrik.de\/impressum\/\",\"url\":\"https:\/\/filzfabrik.de\/impressum\/\",\"name\":\"Impressum - M&K\",\"isPartOf\":{\"@id\":\"https:\/\/filzfabrik.de\/#website\"},\"datePublished\":\"2025-03-06T10:56:42+00:00\",\"dateModified\":\"2026-02-12T10:49:51+00:00\",\"description\":\"Filzfabrik Impressum: Angaben zu M&K\u202fFilze\u202fGmbH, Gesch\u00e4ftsf\u00fchrer, Kontakt, USt\u2011ID, Registergericht & rechtliche Hinweise.\",\"breadcrumb\":{\"@id\":\"https:\/\/filzfabrik.de\/impressum\/#breadcrumb\"},\"inLanguage\":\"en-GB\",\"potentialAction\":[{\"@type\":\"ReadAction\",\"target\":[\"https:\/\/filzfabrik.de\/impressum\/\"]}]},{\"@type\":\"BreadcrumbList\",\"@id\":\"https:\/\/filzfabrik.de\/impressum\/#breadcrumb\",\"itemListElement\":[{\"@type\":\"ListItem\",\"position\":1,\"name\":\"Startseite\",\"item\":\"https:\/\/filzfabrik.de\/\"},{\"@type\":\"ListItem\",\"position\":2,\"name\":\"Impressum\"}]},{\"@type\":\"WebSite\",\"@id\":\"https:\/\/filzfabrik.de\/#website\",\"url\":\"https:\/\/filzfabrik.de\/\",\"name\":\"M&K\",\"description\":\"FILZ \u2013 SO VIELF\u00c4LTIG WIE DAS LEBEN\",\"publisher\":{\"@id\":\"https:\/\/filzfabrik.de\/#organization\"},\"alternateName\":\"FILZFABRIK\",\"potentialAction\":[{\"@type\":\"SearchAction\",\"target\":{\"@type\":\"EntryPoint\",\"urlTemplate\":\"https:\/\/filzfabrik.de\/?s={search_term_string}\"},\"query-input\":{\"@type\":\"PropertyValueSpecification\",\"valueRequired\":true,\"valueName\":\"search_term_string\"}}],\"inLanguage\":\"en-GB\"},{\"@type\":\"Organization\",\"@id\":\"https:\/\/filzfabrik.de\/#organization\",\"name\":\"M&K\",\"url\":\"https:\/\/filzfabrik.de\/\",\"logo\":{\"@type\":\"ImageObject\",\"inLanguage\":\"en-GB\",\"@id\":\"https:\/\/filzfabrik.de\/#\/schema\/logo\/image\/\",\"url\":\"https:\/\/filzfabrik.de\/wp-content\/uploads\/2025\/02\/cropped-125-tomate.jpg\",\"contentUrl\":\"https:\/\/filzfabrik.de\/wp-content\/uploads\/2025\/02\/cropped-125-tomate.jpg\",\"width\":512,\"height\":512,\"caption\":\"M&K\"},\"image\":{\"@id\":\"https:\/\/filzfabrik.de\/#\/schema\/logo\/image\/\"}}]}<\/script>\n<!-- \/ Yoast SEO plugin. -->","yoast_head_json":{"title":"Imprint - M&amp;K","description":"Felt factory imprint: Details of M&amp;K Filze GmbH, managing director, contact, VAT ID, register court &amp; legal information.","robots":{"index":"index","follow":"follow","max-snippet":"max-snippet:-1","max-image-preview":"max-image-preview:large","max-video-preview":"max-video-preview:-1"},"canonical":"https:\/\/filzfabrik.de\/en\/impressum\/","og_locale":"en_GB","og_type":"article","og_title":"Impressum - M&K","og_description":"Filzfabrik Impressum: Angaben zu M&K\u202fFilze\u202fGmbH, Gesch\u00e4ftsf\u00fchrer, Kontakt, USt\u2011ID, Registergericht & rechtliche Hinweise.","og_url":"https:\/\/filzfabrik.de\/en\/impressum\/","og_site_name":"M&K","article_modified_time":"2026-02-12T10:49:51+00:00","twitter_card":"summary_large_image","twitter_misc":{"Estimated reading time":"1 minute"},"schema":{"@context":"https:\/\/schema.org","@graph":[{"@type":"WebPage","@id":"https:\/\/filzfabrik.de\/impressum\/","url":"https:\/\/filzfabrik.de\/impressum\/","name":"Imprint - M&amp;K","isPartOf":{"@id":"https:\/\/filzfabrik.de\/#website"},"datePublished":"2025-03-06T10:56:42+00:00","dateModified":"2026-02-12T10:49:51+00:00","description":"Felt factory imprint: Details of M&amp;K Filze GmbH, managing director, contact, VAT ID, register court &amp; legal information.","breadcrumb":{"@id":"https:\/\/filzfabrik.de\/impressum\/#breadcrumb"},"inLanguage":"en-GB","potentialAction":[{"@type":"ReadAction","target":["https:\/\/filzfabrik.de\/impressum\/"]}]},{"@type":"BreadcrumbList","@id":"https:\/\/filzfabrik.de\/impressum\/#breadcrumb","itemListElement":[{"@type":"ListItem","position":1,"name":"Startseite","item":"https:\/\/filzfabrik.de\/"},{"@type":"ListItem","position":2,"name":"Impressum"}]},{"@type":"WebSite","@id":"https:\/\/filzfabrik.de\/#website","url":"https:\/\/filzfabrik.de\/","name":"M&amp;K","description":"FELT - AS DIVERSE AS LIFE ITSELF","publisher":{"@id":"https:\/\/filzfabrik.de\/#organization"},"alternateName":"FILZFABRIK","potentialAction":[{"@type":"SearchAction","target":{"@type":"EntryPoint","urlTemplate":"https:\/\/filzfabrik.de\/?s={search_term_string}"},"query-input":{"@type":"PropertyValueSpecification","valueRequired":true,"valueName":"search_term_string"}}],"inLanguage":"en-GB"},{"@type":"Organization","@id":"https:\/\/filzfabrik.de\/#organization","name":"M&amp;K","url":"https:\/\/filzfabrik.de\/","logo":{"@type":"ImageObject","inLanguage":"en-GB","@id":"https:\/\/filzfabrik.de\/#\/schema\/logo\/image\/","url":"https:\/\/filzfabrik.de\/wp-content\/uploads\/2025\/02\/cropped-125-tomate.jpg","contentUrl":"https:\/\/filzfabrik.de\/wp-content\/uploads\/2025\/02\/cropped-125-tomate.jpg","width":512,"height":512,"caption":"M&K"},"image":{"@id":"https:\/\/filzfabrik.de\/#\/schema\/logo\/image\/"}}]}},"_links":{"self":[{"href":"https:\/\/filzfabrik.de\/en\/wp-json\/wp\/v2\/pages\/1059","targetHints":{"allow":["GET"]}}],"collection":[{"href":"https:\/\/filzfabrik.de\/en\/wp-json\/wp\/v2\/pages"}],"about":[{"href":"https:\/\/filzfabrik.de\/en\/wp-json\/wp\/v2\/types\/page"}],"author":[{"embeddable":true,"href":"https:\/\/filzfabrik.de\/en\/wp-json\/wp\/v2\/users\/1"}],"replies":[{"embeddable":true,"href":"https:\/\/filzfabrik.de\/en\/wp-json\/wp\/v2\/comments?post=1059"}],"version-history":[{"count":25,"href":"https:\/\/filzfabrik.de\/en\/wp-json\/wp\/v2\/pages\/1059\/revisions"}],"predecessor-version":[{"id":2076,"href":"https:\/\/filzfabrik.de\/en\/wp-json\/wp\/v2\/pages\/1059\/revisions\/2076"}],"wp:attachment":[{"href":"https:\/\/filzfabrik.de\/en\/wp-json\/wp\/v2\/media?parent=1059"}],"curies":[{"name":"wp","href":"https:\/\/api.w.org\/{rel}","templated":true}]}}